{"id":1530,"date":"2025-12-16T16:02:22","date_gmt":"2025-12-16T15:02:22","guid":{"rendered":"https:\/\/shop.capvermellgrandhotel.com\/producto\/voro-tasting-menu\/"},"modified":"2026-03-12T08:39:47","modified_gmt":"2026-03-12T07:39:47","slug":"voro-tasting-menu","status":"publish","type":"product","link":"https:\/\/shop.capvermellgrandhotel.com\/en\/producto\/voro-tasting-menu\/","title":{"rendered":"VORO TASTING MENU"},"content":{"rendered":"<p>[et_pb_section fb_built=&#8221;1&#8243; _builder_version=&#8221;4.16&#8243; custom_padding=&#8221;0px||||false|false&#8221; collapsed=&#8221;on&#8221; global_colors_info=&#8221;{}&#8221;][et_pb_row _builder_version=&#8221;4.16&#8243; background_size=&#8221;initial&#8221; background_position=&#8221;top_left&#8221; background_repeat=&#8221;repeat&#8221; width=&#8221;100%&#8221; custom_padding=&#8221;0px||0px||false|false&#8221; global_colors_info=&#8221;{}&#8221;][et_pb_column type=&#8221;4_4&#8243; _builder_version=&#8221;4.16&#8243; custom_padding=&#8221;|||&#8221; global_colors_info=&#8221;{}&#8221; custom_padding__hover=&#8221;|||&#8221;]<\/p>\n<p>[et_pb_wc_breadcrumb _builder_version=&#8221;4.27.4&#8243; body_font=&#8221;|||on|||||&#8221; global_colors_info=&#8221;{}&#8221;][\/et_pb_wc_breadcrumb][et_pb_wc_cart_notice _builder_version=&#8221;4.16&#8243; custom_button=&#8221;on&#8221; button_text_color=&#8221;#995944&#8243; button_icon_color=&#8221;#995944&#8243; button_on_hover=&#8221;off&#8221; button_custom_padding=&#8221;|40px||20px|false|false&#8221; global_colors_info=&#8221;{}&#8221;][\/et_pb_wc_cart_notice]<\/p>\n<p>[\/et_pb_column][\/et_pb_row][et_pb_row column_structure=&#8221;1_2,1_2&#8243; _builder_version=&#8221;4.16&#8243; background_size=&#8221;initial&#8221; background_position=&#8221;top_left&#8221; background_repeat=&#8221;repeat&#8221; width=&#8221;100%&#8221; custom_padding=&#8221;0px||||false|false&#8221; global_colors_info=&#8221;{}&#8221;][et_pb_column type=&#8221;1_2&#8243; _builder_version=&#8221;4.16&#8243; custom_padding=&#8221;|||&#8221; global_colors_info=&#8221;{}&#8221; custom_padding__hover=&#8221;|||&#8221;]<\/p>\n<p>[et_pb_wc_images _builder_version=&#8221;4.16&#8243; global_colors_info=&#8221;{}&#8221;][\/et_pb_wc_images]<\/p>\n<p>[\/et_pb_column][et_pb_column type=&#8221;1_2&#8243; _builder_version=&#8221;4.16&#8243; custom_padding=&#8221;|||&#8221; global_colors_info=&#8221;{}&#8221; custom_padding__hover=&#8221;|||&#8221;]<\/p>\n<p>[et_pb_wc_title _builder_version=&#8221;4.27.4&#8243; header_font=&#8221;|300||on|||||&#8221; header_font_size=&#8221;26px&#8221; header_line_height=&#8221;1.1em&#8221; width=&#8221;440px&#8221; global_colors_info=&#8221;{}&#8221;][\/et_pb_wc_title][et_pb_wc_rating _builder_version=&#8221;4.16&#8243; global_colors_info=&#8221;{}&#8221;][\/et_pb_wc_rating][et_pb_wc_price _builder_version=&#8221;4.16&#8243; global_colors_info=&#8221;{}&#8221;][\/et_pb_wc_price][et_pb_wc_description _builder_version=&#8221;4.16&#8243; body_font=&#8221;Lato||||||||&#8221; body_font_size=&#8221;18px&#8221; body_line_height=&#8221;1.4em&#8221; global_colors_info=&#8221;{}&#8221;][\/et_pb_wc_description][et_pb_wc_add_to_cart _builder_version=&#8221;4.16&#8243; fields_background_color=&#8221;#F2EFEC&#8221; dropdown_menus_background_color=&#8221;#f2efec&#8221; dropdown_menus_text_color=&#8221;#995944&#8243; dropdown_menus_focus_background_color=&#8221;#F2EFEC&#8221; dropdown_menus_focus_text_color=&#8221;#995944&#8243; custom_button=&#8221;on&#8221; button_text_size=&#8221;14px&#8221; button_text_color=&#8221;#995944&#8243; button_bg_color=&#8221;#FFFFFF&#8221; button_border_width=&#8221;1px&#8221; button_border_color=&#8221;#995944&#8243; button_on_hover=&#8221;off&#8221; button_custom_padding=&#8221;18px|40px|18px|20px|true|false&#8221; global_colors_info=&#8221;{}&#8221; button_text_color__hover=&#8221;#FFFFFF&#8221; button_text_color__hover_enabled=&#8221;on|hover&#8221; button_bg_color__hover=&#8221;#995944&#8243; button_bg_color__hover_enabled=&#8221;on|hover&#8221; button_border_width__hover=&#8221;1px&#8221; button_border_width__hover_enabled=&#8221;on|desktop&#8221;][\/et_pb_wc_add_to_cart][et_pb_wc_meta _builder_version=&#8221;4.16&#8243; global_colors_info=&#8221;{}&#8221;][\/et_pb_wc_meta]<\/p>\n<p>[\/et_pb_column][\/et_pb_row][et_pb_row _builder_version=&#8221;4.16&#8243; background_size=&#8221;initial&#8221; background_position=&#8221;top_left&#8221; background_repeat=&#8221;repeat&#8221; width=&#8221;100%&#8221; global_colors_info=&#8221;{}&#8221;][et_pb_column type=&#8221;4_4&#8243; _builder_version=&#8221;4.16&#8243; custom_padding=&#8221;|||&#8221; global_colors_info=&#8221;{}&#8221; custom_padding__hover=&#8221;|||&#8221;]<\/p>\n<p>[et_pb_wc_tabs _builder_version=&#8221;4.27.4&#8243; body_font=&#8221;Lato|300|||||||&#8221; body_text_color=&#8221;#000000&#8243; body_font_size=&#8221;16px&#8221; body_line_height=&#8221;1.4em&#8221; body_ul_type=&#8221;circle&#8221; body_ul_font=&#8221;Lato|300|||||||&#8221; body_ul_text_color=&#8221;#000000&#8243; body_ul_font_size=&#8221;16px&#8221; body_ul_line_height=&#8221;1.4em&#8221; global_colors_info=&#8221;{}&#8221;] [\/et_pb_wc_tabs][et_pb_wc_upsells _builder_version=&#8221;4.16&#8243; global_colors_info=&#8221;{}&#8221;][\/et_pb_wc_upsells]<\/p>\n<p>[\/et_pb_column][\/et_pb_row][\/et_pb_section]<\/p>\n","protected":false},"excerpt":{"rendered":"<p>At VORO, we invite you to devour the Mediterranean through an unrestrained gastronomic experience. Our tasting menu, conceived as a sensory journey where technique, flavour and aesthetics merge, celebrates the gastronomic diversity of Spain, with Mallorcan, Mediterranean and Andalusian roots, reinterpreted with creativity and respect for the product.<\/p>\n<p>Each dish tells a story, in which seasonal ingredients and references to the local environment are transformed into emotions that awaken the senses. This experience is an invitation to enjoy an unforgettable evening, where excellence, emotion and memory converge in every bite.<\/p>\n","protected":false},"featured_media":1510,"template":"","meta":{"_et_pb_use_builder":"on","_et_pb_old_content":"<div>\r\n<div>En VORO te invitamos a\u00a0<i>devorar<\/i>\u00a0el Mediterr\u00e1neo a trav\u00e9s de una experiencia gastron\u00f3mica sin ataduras. Nuestro Men\u00fa Degustaci\u00f3n concebido como un viaje sensorial donde la t\u00e9cnica, el sabor y la est\u00e9tica se funden, celebra la diversidad gastron\u00f3mica de Espa\u00f1a, las ra\u00edces mallorquinas, mediterr\u00e1neas y andaluzas, reinterpretadas con creatividad y respeto por el producto.<\/div>\r\n<div><\/div>\r\n<div>Cada plato es una historia, en la que los ingredientes de temporada y las referencias al entorno se transforman en emociones que despiertan los sentidos. Esta experiencia es una invitaci\u00f3n a disfrutar de una velada inolvidable, donde la excelencia, la emoci\u00f3n y la memoria convergen en cada bocado.<\/div>\r\n<div><\/div>\r\n<\/div>\r\n<div><b>INCLUIDO<\/b><\/div>\r\n<div>\r\n<ul>\r\n \t<li>\r\n<div role=\"presentation\">Men\u00fa de degustaci\u00f3n VORO. Caf\u00e9, infusi\u00f3n y agua incluido.<\/div><\/li>\r\n \t<li>\r\n<div role=\"presentation\">Parking gratuito.<\/div><\/li>\r\n<\/ul>\r\n<div><b>REQUISITOS<\/b><\/div>\r\n<ul>\r\n \t<li>\r\n<div role=\"presentation\">Compra previa de un ticket por persona para formalizar la reserva.<\/div><\/li>\r\n \t<li>\r\n<div role=\"presentation\">Puntualidad: se ofrece un margen de cortes\u00eda de 20 minutos.<\/div><\/li>\r\n \t<li>\r\n<div role=\"presentation\">Para restricciones alimentarias, es imprescindible contactar previamente con el restaurante.<\/div><\/li>\r\n \t<li>\r\n<div role=\"presentation\">C\u00f3digo de vestimenta elegante-casual (caballeros: pantal\u00f3n largo y calzado cerrado).<\/div><\/li>\r\n \t<li>\r\n<div role=\"presentation\">Solo para adultos: no se admiten menores de 16 a\u00f1os.<\/div><\/li>\r\n \t<li>\r\n<div role=\"presentation\">Para grupos de m\u00e1s de 6 personas, contacto obligatorio por correo (<a href=\"mailto:voro@capvermell.com\" target=\"_blank\" rel=\"noopener\">voro@capvermell.com<\/a>).<\/div><\/li>\r\n<\/ul>\r\n<div><b>T\u00c9RMINOS Y CONDICIONES<\/b><\/div>\r\n<ul>\r\n \t<li>\r\n<div role=\"presentation\">La reserva solo ser\u00e1 efectiva tras recibir confirmaci\u00f3n por email o SMS.<\/div><\/li>\r\n \t<li>\r\n<div role=\"presentation\">El men\u00fa incluye productos del mar, vegetales y casquer\u00eda; no se garantizan adaptaciones sin aviso previo.<\/div><\/li>\r\n \t<li>\r\n<div role=\"presentation\">No disponen de men\u00fa vegano, vegetariano, carn\u00edvoro o similares.<\/div><\/li>\r\n \t<li>\r\n<div role=\"presentation\">Las cancelaciones deben hacerse \u00fanicamente por correo electr\u00f3nico (<a href=\"mailto:voro@capvermell.com\" target=\"_blank\" rel=\"noopener\">voro@capvermell.com<\/a>) con al menos 48 horas de antelaci\u00f3n para recibir el reembolso del ticket.<\/div><\/li>\r\n<\/ul>\r\n<div><b>VALIDEZ DEL BONO<\/b><\/div>\r\n<div>Hasta el 31 de octubre de 2026.<\/div>\r\n<\/div>","_et_gb_content_width":""},"product_brand":[],"product_cat":[44],"product_tag":[45],"class_list":{"0":"post-1530","1":"product","2":"type-product","3":"status-publish","4":"has-post-thumbnail","6":"product_cat-romantic-getaways","7":"product_tag-for-residents-only","9":"first","10":"instock","11":"shipping-taxable","12":"purchasable","13":"product-type-simple"},"jetpack_sharing_enabled":true,"_links":{"self":[{"href":"https:\/\/shop.capvermellgrandhotel.com\/en\/wp-json\/wp\/v2\/product\/1530","targetHints":{"allow":["GET"]}}],"collection":[{"href":"https:\/\/shop.capvermellgrandhotel.com\/en\/wp-json\/wp\/v2\/product"}],"about":[{"href":"https:\/\/shop.capvermellgrandhotel.com\/en\/wp-json\/wp\/v2\/types\/product"}],"wp:featuredmedia":[{"embeddable":true,"href":"https:\/\/shop.capvermellgrandhotel.com\/en\/wp-json\/wp\/v2\/media\/1510"}],"wp:attachment":[{"href":"https:\/\/shop.capvermellgrandhotel.com\/en\/wp-json\/wp\/v2\/media?parent=1530"}],"wp:term":[{"taxonomy":"product_brand","embeddable":true,"href":"https:\/\/shop.capvermellgrandhotel.com\/en\/wp-json\/wp\/v2\/product_brand?post=1530"},{"taxonomy":"product_cat","embeddable":true,"href":"https:\/\/shop.capvermellgrandhotel.com\/en\/wp-json\/wp\/v2\/product_cat?post=1530"},{"taxonomy":"product_tag","embeddable":true,"href":"https:\/\/shop.capvermellgrandhotel.com\/en\/wp-json\/wp\/v2\/product_tag?post=1530"}],"curies":[{"name":"wp","href":"https:\/\/api.w.org\/{rel}","templated":true}]}}